
{"id":116,"date":"2013-04-05T08:53:17","date_gmt":"2013-04-05T08:53:17","guid":{"rendered":"http:\/\/new.libavasail.lv\/?page_id=116"},"modified":"2021-03-13T14:01:53","modified_gmt":"2021-03-13T14:01:53","slug":"home","status":"publish","type":"page","link":"http:\/\/libavasail.lv\/lv\/","title":{"rendered":"Home"},"content":{"rendered":"[vc_row full_width=&#8221;stretch_row&#8221; css=&#8221;.vc_custom_1615643543971{background-image: url(http:\/\/libavasail.lv\/wp-content\/uploads\/2021\/03\/Libava-BG-Vesturiskais-Burinieks-360-ture-Jurmala-Latvia-Inside-VR.jpg?id=1076) !important;background-position: center !important;background-repeat: no-repeat !important;background-size: cover !important;}&#8221;][vc_column][vc_column_text css=&#8221;.vc_custom_1615640994946{padding-top: 100px !important;padding-bottom: 100px !important;}&#8221;]\r\n<h4 class=\"western\"><span style=\"color: #ffffff;\">Laipni l\u016bgti uz v\u0113sturisk\u0101 burinieka \u201cLibava\u201d kl\u0101ja. \u201cLibava\u201d ir autentiska 17.gs. atp\u016btas ku\u0123a kopija. T\u0101 b\u016bv\u0113ta p\u0113c holandie\u0161u seklas iegrimes herren-jahtu parauga. Pirms trim gadsimtiem \u0161ie ku\u0123i bija gandr\u012bz visu kara\u013cnamu flo\u0161u sast\u0101v\u0101 un tika izmantoti aristokr\u0101tu izklaidei un sava statusa apliecin\u0101\u0161anai.<\/span><\/h4>\r\n<span style=\"color: #ffffff;\">Kaut ar\u012b ku\u0123is \u201cLibava\u201d ir re\u0123istr\u0113ts Liep\u0101j\u0101 (ar\u012b t\u0101 nosaukums ir c\u0113lies no Liep\u0101jas v\u0101cisk\u0101 v\u0101rda \u201cLibau\u201d), katru vasaru tas dodas uz J\u016brmalu, popul\u0101ro k\u016brortu R\u012bgas j\u016bras l\u012b\u010da piekrast\u0113. Te kapteinis Anatolijs Molokanovs un vi\u0146a komanda pied\u0101v\u0101 visiem j\u016bras romantikas cien\u012bt\u0101jiem doties neaizmirstam\u0101 ce\u013cojum\u0101 pa Baltijas j\u016bras vi\u013c\u0146iem.<\/span>[\/vc_column_text][\/vc_column][\/vc_row][vc_row css=&#8221;.vc_custom_1615640341885{padding-top: 40px !important;padding-right: 40px !important;padding-bottom: 40px !important;padding-left: 40px !important;}&#8221;][vc_column][vc_gallery type=&#8221;image_grid&#8221; images=&#8221;903,769,481,1072,362,363,361,601,599,59,602,427,829,847,877,853,621,595,129,906&#8243; img_size=&#8221;medium&#8221;][\/vc_column][\/vc_row]","protected":false},"excerpt":{"rendered":"[vc_row full_width=&#8221;stretch_row&#8221; css=&#8221;.vc_custom_1615643543971{background-image: url(http:\/\/libavasail.lv\/wp-content\/uploads\/2021\/03\/Libava-BG-Vesturiskais-Burinieks-360-ture-Jurmala-Latvia-Inside-VR.jpg?id=1076) !important;background-position: center !important;background-repeat: no-repeat !important;background-size: cover !important;}&#8221;][vc_column][vc_column_text css=&#8221;.vc_custom_1615640994946{padding-top: 100px !important;padding-bottom: 100px !important;}&#8221;] Laipni l\u016bgti uz v\u0113sturisk\u0101 burinieka \u201cLibava\u201d kl\u0101ja. \u201cLibava\u201d ir autentiska 17.gs. atp\u016btas ku\u0123a kopija. T\u0101 b\u016bv\u0113ta p\u0113c holandie\u0161u seklas iegrimes herren-jahtu parauga. Pirms trim gadsimtiem \u0161ie ku\u0123i bija gandr\u012bz visu kara\u013cnamu flo\u0161u sast\u0101v\u0101 un tika izmantoti aristokr\u0101tu izklaidei un sava statusa apliecin\u0101\u0161anai. Kaut ar\u012b ku\u0123is \u201cLibava\u201d ir re\u0123istr\u0113ts Liep\u0101j\u0101 (ar\u012b t\u0101 nosaukums ir c\u0113lies no Liep\u0101jas v\u0101cisk\u0101 v\u0101rda \u201cLibau\u201d), katru vasaru tas dodas uz J\u016brmalu, popul\u0101ro k\u016brortu R\u012bgas j\u016bras l\u012b\u010da piekrast\u0113. Te kapteinis Anatolijs Molokanovs un vi\u0146a komanda pied\u0101v\u0101 visiem j\u016bras romantikas cien\u012bt\u0101jiem doties neaizmirstam\u0101 ce\u013cojum\u0101 pa Baltijas j\u016bras vi\u013c\u0146iem.[\/vc_column_text][\/vc_column][\/vc_row][vc_row css=&#8221;.vc_custom_1615640341885{padding-top: 40px !important;padding-right: 40px !important;padding-bottom: 40px !important;padding-left: 40px !important;}&#8221;][vc_column][vc_gallery type=&#8221;image_grid&#8221; images=&#8221;903,769,481,1072,362,363,361,601,599,59,602,427,829,847,877,853,621,595,129,906&#8243; img_size=&#8221;medium&#8221;][\/vc_column][\/vc_row]","protected":false},"author":4,"featured_media":0,"parent":0,"menu_order":0,"comment_status":"closed","ping_status":"closed","template":"","meta":{"ngg_post_thumbnail":0},"_links":{"self":[{"href":"http:\/\/libavasail.lv\/lv\/wp-json\/wp\/v2\/pages\/116"}],"collection":[{"href":"http:\/\/libavasail.lv\/lv\/wp-json\/wp\/v2\/pages"}],"about":[{"href":"http:\/\/libavasail.lv\/lv\/wp-json\/wp\/v2\/types\/page"}],"author":[{"embeddable":true,"href":"http:\/\/libavasail.lv\/lv\/wp-json\/wp\/v2\/users\/4"}],"replies":[{"embeddable":true,"href":"http:\/\/libavasail.lv\/lv\/wp-json\/wp\/v2\/comments?post=116"}],"version-history":[{"count":13,"href":"http:\/\/libavasail.lv\/lv\/wp-json\/wp\/v2\/pages\/116\/revisions"}],"predecessor-version":[{"id":1086,"href":"http:\/\/libavasail.lv\/lv\/wp-json\/wp\/v2\/pages\/116\/revisions\/1086"}],"wp:attachment":[{"href":"http:\/\/libavasail.lv\/lv\/wp-json\/wp\/v2\/media?parent=116"}],"curies":[{"name":"wp","href":"https:\/\/api.w.org\/{rel}","templated":true}]}}