
{"id":134,"date":"2013-04-18T16:17:06","date_gmt":"2013-04-18T16:17:06","guid":{"rendered":"http:\/\/new.libavasail.lv\/?page_id=134"},"modified":"2016-07-03T20:35:13","modified_gmt":"2016-07-03T20:35:13","slug":"burinieka-libava-vesture","status":"publish","type":"page","link":"http:\/\/libavasail.lv\/lv\/par-kugi\/burinieka-libava-vesture\/","title":{"rendered":"V\u0113sture"},"content":{"rendered":"<span style=\"font-family: Times New Roman,serif;\"><span style=\"font-size: medium;\"><span class=\"wi-dropcap\"><img src=\"http:\/\/libavasail.lv\/wp-content\/plugins\/wi-shortcodes\/includes\/\/images\/aoc\/aoc-b.gif\" alt=\"b\" \/><u>b<\/u><\/span>uru ku\u0123a \u201eLibava\u201d b\u016bvniec\u012bba tika uzs\u0101kta 2007. gada maij\u0101 Petrozavodskas ku\u0123u b\u016bv\u0113tav\u0101 <a href=\"http:\/\/varyag.onego.ru\/suda\/stroika\/as48\/\">\u201eVarjag\u201d<\/a> un pabeigta 2008. gada septembr\u012b. B\u016bvniec\u012bbas darbi veikti p\u0113c vis\u0101m trad\u012bcij\u0101m un priek\u0161noteikumiem, k\u0101di bija noteikti tr\u012bs gadsimtus atpaka\u013c. <\/span><\/span>\r\n\r\n<span style=\"font-family: Times New Roman,serif;\"><span style=\"font-size: medium;\">Projekt\u0113jot ku\u0123i, tika izp\u0113t\u012bti muzeju materi\u0101li. Galvenais izzi\u0146as avots bija ori\u0123in\u0101lie holandie\u0161u ku\u0123u z\u012bm\u0113jumi, kas glab\u0101jas J\u016bras-kara muzej\u0101 Sanktp\u0113terburg\u0101, tika izmantotas ar\u012b v\u0101cu v\u0113sturnieku gr\u0101matas. Par pamatu projektam \u0146emta holandie\u0161u <\/span><\/span><span style=\"font-family: Times New Roman,serif;\"><span style=\"font-size: medium;\"><i><span style=\"text-decoration: underline;\">herren-jahta<\/span><\/i><\/span><\/span><span style=\"font-family: Times New Roman,serif;\"><span style=\"font-size: medium;\"> ar mazu iegrimi, ko izmantoja aristokr\u0101ti gan izklaidei, gan sava st\u0101vok\u013ca apliecin\u0101\u0161anai.<\/span><\/span>\r\n\r\n<div id='gallery-1' class='gallery galleryid-134 gallery-columns-6 gallery-size-thumbnail'><figure class='gallery-item'>\n\t\t\t<div class='gallery-icon landscape'>\n\t\t\t\t<a href='http:\/\/libavasail.lv\/wp-content\/uploads\/2013\/04\/Libava-Ship-History-1-1.jpg'><img width=\"150\" height=\"150\" src=\"http:\/\/libavasail.lv\/wp-content\/uploads\/2013\/04\/Libava-Ship-History-1-1-150x150.jpg\" class=\"attachment-thumbnail size-thumbnail\" alt=\"\" loading=\"lazy\" \/><\/a>\n\t\t\t<\/div><\/figure><figure class='gallery-item'>\n\t\t\t<div class='gallery-icon landscape'>\n\t\t\t\t<a href='http:\/\/libavasail.lv\/wp-content\/uploads\/2013\/04\/Libava-Ship-History-2-1.jpg'><img width=\"150\" height=\"150\" src=\"http:\/\/libavasail.lv\/wp-content\/uploads\/2013\/04\/Libava-Ship-History-2-1-150x150.jpg\" class=\"attachment-thumbnail size-thumbnail\" alt=\"\" loading=\"lazy\" \/><\/a>\n\t\t\t<\/div><\/figure><figure class='gallery-item'>\n\t\t\t<div class='gallery-icon landscape'>\n\t\t\t\t<a href='http:\/\/libavasail.lv\/wp-content\/uploads\/2013\/04\/Libava-Ship-History-3-1.jpg'><img width=\"150\" height=\"150\" src=\"http:\/\/libavasail.lv\/wp-content\/uploads\/2013\/04\/Libava-Ship-History-3-1-150x150.jpg\" class=\"attachment-thumbnail size-thumbnail\" alt=\"\" loading=\"lazy\" \/><\/a>\n\t\t\t<\/div><\/figure><figure class='gallery-item'>\n\t\t\t<div class='gallery-icon portrait'>\n\t\t\t\t<a href='http:\/\/libavasail.lv\/wp-content\/uploads\/2013\/04\/Libava-Ship-History-4-1.jpg'><img width=\"150\" height=\"150\" src=\"http:\/\/libavasail.lv\/wp-content\/uploads\/2013\/04\/Libava-Ship-History-4-1-150x150.jpg\" class=\"attachment-thumbnail size-thumbnail\" alt=\"\" loading=\"lazy\" \/><\/a>\n\t\t\t<\/div><\/figure><figure class='gallery-item'>\n\t\t\t<div class='gallery-icon portrait'>\n\t\t\t\t<a href='http:\/\/libavasail.lv\/wp-content\/uploads\/2013\/04\/Libava-Ship-History-5-1.jpg'><img width=\"150\" height=\"150\" src=\"http:\/\/libavasail.lv\/wp-content\/uploads\/2013\/04\/Libava-Ship-History-5-1-150x150.jpg\" class=\"attachment-thumbnail size-thumbnail\" alt=\"\" loading=\"lazy\" \/><\/a>\n\t\t\t<\/div><\/figure><figure class='gallery-item'>\n\t\t\t<div class='gallery-icon portrait'>\n\t\t\t\t<a href='http:\/\/libavasail.lv\/wp-content\/uploads\/2013\/04\/Libava-Ship-History-6-1.jpg'><img width=\"150\" height=\"150\" src=\"http:\/\/libavasail.lv\/wp-content\/uploads\/2013\/04\/Libava-Ship-History-6-1-150x150.jpg\" class=\"attachment-thumbnail size-thumbnail\" alt=\"\" loading=\"lazy\" \/><\/a>\n\t\t\t<\/div><\/figure>\n\t\t<\/div>\n\r\n\r\n&nbsp;","protected":false},"excerpt":{"rendered":"uru ku\u0123a \u201eLibava\u201d b\u016bvniec\u012bba tika uzs\u0101kta 2007. gada maij\u0101 Petrozavodskas ku\u0123u b\u016bv\u0113tav\u0101 \u201eVarjag\u201d un pabeigta 2008. gada septembr\u012b. B\u016bvniec\u012bbas darbi veikti p\u0113c vis\u0101m trad\u012bcij\u0101m un priek\u0161noteikumiem, k\u0101di bija noteikti tr\u012bs gadsimtus atpaka\u013c. Projekt\u0113jot ku\u0123i, tika izp\u0113t\u012bti muzeju materi\u0101li. Galvenais izzi\u0146as avots bija ori\u0123in\u0101lie holandie\u0161u ku\u0123u z\u012bm\u0113jumi, kas glab\u0101jas J\u016bras-kara muzej\u0101 Sanktp\u0113terburg\u0101, tika izmantotas ar\u012b v\u0101cu v\u0113sturnieku gr\u0101matas. Par pamatu projektam \u0146emta holandie\u0161u herren-jahta ar mazu iegrimi, ko izmantoja aristokr\u0101ti gan izklaidei, gan sava st\u0101vok\u013ca apliecin\u0101\u0161anai. &nbsp;","protected":false},"author":4,"featured_media":0,"parent":136,"menu_order":0,"comment_status":"closed","ping_status":"closed","template":"","meta":{"ngg_post_thumbnail":0},"_links":{"self":[{"href":"http:\/\/libavasail.lv\/lv\/wp-json\/wp\/v2\/pages\/134"}],"collection":[{"href":"http:\/\/libavasail.lv\/lv\/wp-json\/wp\/v2\/pages"}],"about":[{"href":"http:\/\/libavasail.lv\/lv\/wp-json\/wp\/v2\/types\/page"}],"author":[{"embeddable":true,"href":"http:\/\/libavasail.lv\/lv\/wp-json\/wp\/v2\/users\/4"}],"replies":[{"embeddable":true,"href":"http:\/\/libavasail.lv\/lv\/wp-json\/wp\/v2\/comments?post=134"}],"version-history":[{"count":4,"href":"http:\/\/libavasail.lv\/lv\/wp-json\/wp\/v2\/pages\/134\/revisions"}],"predecessor-version":[{"id":828,"href":"http:\/\/libavasail.lv\/lv\/wp-json\/wp\/v2\/pages\/134\/revisions\/828"}],"up":[{"embeddable":true,"href":"http:\/\/libavasail.lv\/lv\/wp-json\/wp\/v2\/pages\/136"}],"wp:attachment":[{"href":"http:\/\/libavasail.lv\/lv\/wp-json\/wp\/v2\/media?parent=134"}],"curies":[{"name":"wp","href":"https:\/\/api.w.org\/{rel}","templated":true}]}}