
{"id":136,"date":"2013-04-18T16:18:31","date_gmt":"2013-04-18T16:18:31","guid":{"rendered":"http:\/\/new.libavasail.lv\/?page_id=136"},"modified":"2022-09-10T09:58:32","modified_gmt":"2022-09-10T09:58:32","slug":"par-kugi","status":"publish","type":"page","link":"http:\/\/libavasail.lv\/lv\/par-kugi\/","title":{"rendered":"Par ku\u0123i"},"content":{"rendered":"[vc_row][vc_column][vc_column_text]Laipni l\u016bgti uz v\u0113sturisk\u0101 burinieka \u201cLibava\u201d kl\u0101ja. \u201cLibava\u201d ir autentiska 17.gs. atp\u016btas ku\u0123a kopija. T\u0101 b\u016bv\u0113ta p\u0113c holandie\u0161u seklas iegrimes herren-jahtu parauga. Pirms trim gadsimtiem \u0161ie ku\u0123i bija gandr\u012bz visu kara\u013cnamu flo\u0161u sast\u0101v\u0101 un tika izmantoti aristokr\u0101tu izklaidei un sava statusa apliecin\u0101\u0161anai.\r\n\r\nKaut ar\u012b ku\u0123is \u201cLibava\u201d ir re\u0123istr\u0113ts Liep\u0101j\u0101 (ar\u012b t\u0101 nosaukums ir c\u0113lies no Liep\u0101jas v\u0101cisk\u0101 v\u0101rda \u201cLibau\u201d), katru vasaru tas dodas uz J\u016brmalu, popul\u0101ro k\u016brortu R\u012bgas j\u016bras l\u012b\u010da piekrast\u0113. Te kapteinis Anatolijs Molokanovs un vi\u0146a komanda pied\u0101v\u0101 visiem j\u016bras romantikas cien\u012bt\u0101jiem doties neaizmirstam\u0101 ce\u013cojum\u0101 pa Baltijas j\u016bras vi\u013c\u0146iem.[\/vc_column_text][vc_column_text]\r\n<div class=\"vc_row wpb_row vc_row-fluid vc_row_visible vc_custom_1615643543971 vc_row-has-fill\" data-vc-full-width=\"true\" data-vc-full-width-init=\"true\">\r\n<div class=\"wpb_column vc_column_container vc_col-sm-12\">\r\n<div class=\"vc_column-inner\">\r\n<div class=\"wpb_wrapper\">\r\n<div class=\"wpb_text_column wpb_content_element vc_custom_1615640994946\">\r\n<div class=\"wpb_wrapper\"><\/div>\r\n<\/div>\r\n<\/div>\r\n<\/div>\r\n<\/div>\r\n<\/div>\r\nBurinieka \u201cLibava\u201d b\u016bv\u0113\u0161ana Petrozavodskas ku\u0123u b\u016bv\u0113tav\u0101 \u201cVarjag\u201d tika uzs\u0101kta 2007.gada maij\u0101. \u016aden\u012b tas tika nolaists 2008. gada septembr\u012b. Darbi tika veikti, \u0146emot v\u0113r\u0101 visas pras\u012bbas un trad\u012bcijas, kuras tika iev\u0113rotas pirms trim gadsimtiem, kad \u0161\u0101di ku\u0123i tika b\u016bv\u0113ti. Projekt\u0113jot \u201cLibavu\u201d, tika p\u0113t\u012bti muzeju materi\u0101li, piem\u0113ram, holandie\u0161u ku\u0123u z\u012bm\u0113jumu ori\u0123in\u0101li, kas pieejami Centr\u0101laj\u0101 J\u016bras-kara muzej\u0101 Sanktp\u0113terburg\u0101. T\u0101pat tika p\u0113t\u012btas ar\u012b v\u0101cu v\u0113sturnieku gr\u0101matas. Par projekta pamatu k\u013cuva seklas iegrimes holandie\u0161u herren-jahtas, kuras tika izmantotas k\u0101 izbraukumu ku\u0123i praktiski visos Eiropas kara\u013cnamos.\r\n\r\nBuru pacel\u0161ana netiek veikta meh\u0101niski, bet ar pa\u0161u sp\u0113kiem. Ja ir v\u0113l\u0113\u0161an\u0101s, pasa\u017eieri var piedal\u012bties ne vien \u0161aj\u0101 proces\u0101, bet ar\u012b ku\u0123a vad\u012b\u0161an\u0101 atkl\u0101t\u0101 j\u016br\u0101, jo ne katru dienu tiek pied\u0101v\u0101ta \u0161\u0101da iesp\u0113ja. \u201eLibavas\u201d gods ir divi uz kl\u0101ja eso\u0161i lielgabali, kas tika darin\u0101ti p\u0113c sen\u0101m skic\u0113m. \u0160\u0101viens no tiem ir pas\u0101kuma kulmin\u0101cijas br\u012bdis un neaizmirstams piedz\u012bvojums ikvienam.\r\n\r\nBurinieka korpuss izgatavots no kvalitat\u012bva kokmateri\u0101la, dro\u0161\u012bbu garant\u0113 m\u016bsdien\u012bga navig\u0101cijas sist\u0113ma un jaud\u012bgs dzin\u0113js. Ku\u0123a konstrukcija ir ide\u0101li piem\u0113rota ku\u0123o\u0161anai Baltijas j\u016br\u0101: neskait\u0101mie ce\u013cojumi pier\u0101d\u012bju\u0161i, ka \u201cLibava\u201d sp\u0113j p\u0101rvar\u0113t jebkuru v\u0113tru. Buriniekam ir pie\u0161\u0137irta j\u016bras ku\u0123o\u0161anas kategorija B, kas noz\u012bm\u0113 vis\u0101s j\u016br\u0101s bez ierobe\u017eojuma.\r\n\r\n\u201cLibava\u201d lieliski sevi par\u0101d\u012bjusi j\u016bras sv\u0113tkos Gda\u0146sk\u0101, Svinoujsc\u0113, Tallin\u0101, R\u012bg\u0101 un v\u0113l cit\u0101s Baltijas j\u016bras pils\u0113t\u0101s. Ku\u0123is veic j\u016bras izbraukums ar viesiem, organiz\u0113 da\u017e\u0101dus pas\u0101kumus un piedal\u0101s v\u0113sturiskaj\u0101s j\u016bras kauju rekonstrukcij\u0101s.\r\n\r\n<strong><span lang=\"lv-LV\">Ku\u0123a tehniskie parametri<\/span><\/strong><strong><span lang=\"lv-LV\">:<\/span><\/strong><span lang=\"lv-LV\">\r\nB\u016bves gads: 2008\r\nGarums: 18,8 m\r\nPlatums: 4,5 m\r\nIegrime: 1,2 m\r\nKop\u0113jais buru laukums: 120 m<\/span><sup><span lang=\"lv-LV\">2<\/span><\/sup><span lang=\"lv-LV\">\r\nDzin\u0113ja jauda: 140 zs<\/span>\r\n\r\n<span style=\"font-family: Times New Roman,serif;\"><span style=\"font-size: medium;\">\u00a0<\/span><\/span>[\/vc_column_text][\/vc_column][\/vc_row]","protected":false},"excerpt":{"rendered":"[vc_row][vc_column][vc_column_text]Laipni l\u016bgti uz v\u0113sturisk\u0101 burinieka \u201cLibava\u201d kl\u0101ja. \u201cLibava\u201d ir autentiska 17.gs. atp\u016btas ku\u0123a kopija. T\u0101 b\u016bv\u0113ta p\u0113c holandie\u0161u seklas iegrimes herren-jahtu parauga. Pirms trim gadsimtiem \u0161ie ku\u0123i bija gandr\u012bz visu kara\u013cnamu flo\u0161u sast\u0101v\u0101 un tika izmantoti aristokr\u0101tu izklaidei un sava statusa apliecin\u0101\u0161anai. Kaut ar\u012b ku\u0123is \u201cLibava\u201d ir re\u0123istr\u0113ts Liep\u0101j\u0101 (ar\u012b t\u0101 nosaukums ir c\u0113lies no Liep\u0101jas v\u0101cisk\u0101 v\u0101rda \u201cLibau\u201d), katru vasaru tas dodas uz J\u016brmalu, popul\u0101ro k\u016brortu R\u012bgas j\u016bras l\u012b\u010da piekrast\u0113. Te kapteinis Anatolijs Molokanovs un vi\u0146a komanda pied\u0101v\u0101 visiem j\u016bras romantikas cien\u012bt\u0101jiem doties neaizmirstam\u0101 ce\u013cojum\u0101 pa Baltijas j\u016bras vi\u013c\u0146iem.[\/vc_column_text][vc_column_text] Burinieka \u201cLibava\u201d b\u016bv\u0113\u0161ana Petrozavodskas ku\u0123u b\u016bv\u0113tav\u0101 \u201cVarjag\u201d tika uzs\u0101kta 2007.gada maij\u0101. \u016aden\u012b tas tika nolaists 2008. gada septembr\u012b. Darbi tika veikti, \u0146emot v\u0113r\u0101 visas pras\u012bbas un trad\u012bcijas, kuras tika iev\u0113rotas pirms trim gadsimtiem, kad \u0161\u0101di ku\u0123i tika b\u016bv\u0113ti. Projekt\u0113jot \u201cLibavu\u201d, tika p\u0113t\u012bti muzeju materi\u0101li, piem\u0113ram, holandie\u0161u ku\u0123u z\u012bm\u0113jumu ori\u0123in\u0101li, kas pieejami Centr\u0101laj\u0101 J\u016bras-kara muzej\u0101 Sanktp\u0113terburg\u0101. T\u0101pat tika p\u0113t\u012btas ar\u012b v\u0101cu&hellip;\r\n <p> <a class=\"more-link\" href=\"http:\/\/libavasail.lv\/lv\/par-kugi\/\">Read more<\/a><\/p>","protected":false},"author":4,"featured_media":1118,"parent":0,"menu_order":0,"comment_status":"closed","ping_status":"closed","template":"","meta":{"ngg_post_thumbnail":0},"_links":{"self":[{"href":"http:\/\/libavasail.lv\/lv\/wp-json\/wp\/v2\/pages\/136"}],"collection":[{"href":"http:\/\/libavasail.lv\/lv\/wp-json\/wp\/v2\/pages"}],"about":[{"href":"http:\/\/libavasail.lv\/lv\/wp-json\/wp\/v2\/types\/page"}],"author":[{"embeddable":true,"href":"http:\/\/libavasail.lv\/lv\/wp-json\/wp\/v2\/users\/4"}],"replies":[{"embeddable":true,"href":"http:\/\/libavasail.lv\/lv\/wp-json\/wp\/v2\/comments?post=136"}],"version-history":[{"count":4,"href":"http:\/\/libavasail.lv\/lv\/wp-json\/wp\/v2\/pages\/136\/revisions"}],"predecessor-version":[{"id":1121,"href":"http:\/\/libavasail.lv\/lv\/wp-json\/wp\/v2\/pages\/136\/revisions\/1121"}],"wp:featuredmedia":[{"embeddable":true,"href":"http:\/\/libavasail.lv\/lv\/wp-json\/wp\/v2\/media\/1118"}],"wp:attachment":[{"href":"http:\/\/libavasail.lv\/lv\/wp-json\/wp\/v2\/media?parent=136"}],"curies":[{"name":"wp","href":"https:\/\/api.w.org\/{rel}","templated":true}]}}