
{"id":410,"date":"2014-07-30T12:12:29","date_gmt":"2014-07-30T12:12:29","guid":{"rendered":"http:\/\/libavasail.lv\/?page_id=410"},"modified":"2014-07-30T12:12:29","modified_gmt":"2014-07-30T12:12:29","slug":"izbraucieni-ar-vesturisku-jahtu","status":"publish","type":"page","link":"http:\/\/libavasail.lv\/lv\/izbraucieni-ar-vesturisku-jahtu\/","title":{"rendered":"M\u016bsu pied\u0101vajums"},"content":{"rendered":"Burinieka \u201eLibava\u201d komanda aicina J\u016bs aizraujo\u0161\u0101 un neaizmirstam\u0101 ce\u013cojum\u0101. Jums ir iesp\u0113ja izv\u0113l\u0113ties jebkuru mar\u0161rutu, ko m\u0113s pied\u0101v\u0101jam, vai ar\u012b pa\u0161i izstr\u0101d\u0101t savu. Izmantojot \u201eLibavas\u201d ku\u0123niec\u012bbas iesp\u0113jas, var ce\u013cot vis\u0101s j\u016br\u0101s bez ierobe\u017eojumiem un apmekl\u0113t jebkuras ostas, l\u012bdz ar to m\u016bsu burinieka iesp\u0113jas var piepild\u012bt visas J\u016bsu fant\u0101zijas. M\u0113s uz\u0146emsimies r\u016bpes, lai sagatavotos ce\u013cojumam. Jums ir tikai j\u0101izv\u0113las, kur doties un ko apskat\u012bt.\r\n\r\nBurinieks \u201eLibava\u201d ir lieliski piem\u0113rots korporat\u012bviem pas\u0101kumiem un sv\u0113tku svin\u012bb\u0101m. Tostarp k\u0101zu svin\u012bbas uz burinieka jau ir k\u013cuvu\u0161as par trad\u012bciju \u2013 uz masta tiek uzvilkts \u012bpa\u0161i veidots k\u0101zu karogs un, p\u0113c lielgabala \u0161\u0101vi\u0146iem, jaunlaul\u0101tie, st\u0101vot pie st\u016bres rata, vada burinieku.\r\n\r\n<strong>M\u016bsu pied\u0101v\u0101jums:<\/strong>\r\n\r\nLai J\u016bs var\u0113tu justies k\u0101 seni ku\u0123ot\u0101ji, nav nepiecie\u0161ams dodoties t\u0101los braucienos, \u0161\u0101dam nol\u016bkam m\u0113s esam izstr\u0101d\u0101ju\u0161i virkni t\u016brisma mar\u0161rutus, kas ilgst s\u0101kot no vienas stundas:\r\n\r\n1. <strong>Izbraukums Lielupe \u2013 R\u012bgas j\u016bras l\u012bcis \u2013 Lielupe.<\/strong> Atie\u0161ana no jahtu kluba Bu\u013cuciem\u0101 <strong>Vikingu iel\u0101 82A<\/strong>. Izbraukuma s\u0101kum\u0101 b\u016bs iesp\u0113ja apskat\u012bt, skaisto Lielupes gr\u012bvu un Balto k\u0101pu. Pace\u013cot buras, dosimies t\u0101k\u0101k gar J\u016brmalas piekrasti, kur katram b\u016bs iesp\u0113ja vad\u012bt burinieku. Brauciena laik\u0101 ikvienam pav\u0113rsies skaisti J\u016brmalas pludmales skati. Pret\u012b Dzintaru koncertz\u0101lei noteikti veiksim \u0161\u0101vienu no senlaic\u012bga lielgabala. Drosmei kaptei\u0146a kaj\u012bt\u0113 atrad\u012bsies ar\u012b muci\u0146a ar rumu. Atgriez\u012bsimies no j\u016bras ce\u013cojuma atpaka\u013c Lielupes piest\u0101tn\u0113. Izbraukuma ilgums tiek atrun\u0101ts individu\u0101li, p\u0113c pas\u016bt\u012bt\u0101ja v\u0113lm\u0113m.\r\n\r\n2. <strong>Izbraukums pa Daugavu.<\/strong>\r\nNo Andrejostas l\u012bdz Sarkandaugavas Rietumu punktam un atpaka\u013c Andrejost\u0101, gar Van\u0161u tiltu. Ce\u013c\u0101 pavad\u012btais laiks 1 stunda un 30 min\u016btes.\r\n\r\n3. <strong>Izbraukums Andrejosta \u2013 j\u016bras v\u0101rti \u2013 Andrejosta.<\/strong>\r\nCe\u013c\u0101 pavad\u012btais laiks 3 stundas.\r\n\r\n4. <strong>Izbraukums R\u012bga \u2013 Lielupe.<\/strong>\r\nAtie\u0161ana no Andrejostas R\u012bg\u0101, brauciens gar J\u016brmalu, ieie\u0161ana Lielup\u0113 un piest\u0101\u0161ana jahtu klub\u0101 pie dzelzce\u013ca tilta. Kop\u0101 ce\u013c\u0101 pavad\u012btais laiks 3 stundas, t.sk. R\u012bgas j\u016bras l\u012bc\u012b 40 min\u016btes.\r\n\r\n5. <strong>Izbraukums R\u012bga \u2013 R\u012bgas j\u016bras l\u012bcis \u2013 Lielupe.<\/strong>\r\nAtie\u0161ana no Andrejostas R\u012bg\u0101, brauciens gar J\u016brmalu, ieie\u0161ana Lielup\u0113 un piest\u0101\u0161ana jahtu klub\u0101 pie dzelzce\u013ca tilta. Kop\u0101 ce\u013c\u0101 pavad\u012btais laiks 3 stundas un 30 min\u016btes, t.sk. R\u012bgas j\u016bras l\u012bc\u012b 1 stunda un 10 min\u016btes.\r\n\r\n6. <strong>Izbraukums R\u012bga \u2013 Skulte.<\/strong>\r\nAtie\u0161ana no Andrejostas R\u012bg\u0101, do\u0161an\u0101s uz R\u012bgas j\u016bras l\u012bci l\u012bdz Skultei. Ce\u013c\u0101 pavad\u012btais laiks 4 stundas un 30 min\u016btes.\r\n\r\nTiem, kuri v\u0113las izjust j\u016bru piln\u012bb\u0101, tiek pied\u0101v\u0101ti <strong>gar\u0101ki ce\u013cojumi<\/strong>. Klientiem tiek pied\u0101v\u0101ta iesp\u0113ja apg\u016bt bur\u0101\u0161anas prasmes un burinieka vad\u012b\u0161anu. Uz burinieka tiek nodro\u0161in\u0101ta tr\u012bsreiz\u0113ja \u0113din\u0101\u0161ana un nak\u0161\u0146o\u0161ana. K\u0101 ar\u012b pied\u0101v\u0101jam iesp\u0113ju mak\u0161\u0137er\u0113t un nopeld\u0113ties.\r\n\r\n1. <strong>Vienas dienas izbraukums R\u012bgas j\u016bras l\u012bc\u012b.\r\n<\/strong>Tiek pied\u0101v\u0101ta iesp\u0113ja piest\u0101t tuv\u0101kaj\u0101s ost\u0101s. Mar\u0161ruts un p\u0101r\u0113j\u0101s deta\u013cas tiek izstr\u0101d\u0101tas individu\u0101li, p\u0113c klienta v\u0113lm\u0113m.\r\n\r\n2. <strong>Divu dienu ce\u013cojums uz Ro\u0146u salu.<\/strong>\r\nRo\u0146u sal\u0101 ir iesp\u0113ja \u012br\u0113t pirti, cept \u0161a\u0161liku un veikt citus izklaides pas\u0101kumus. Mar\u0161ruts un p\u0101r\u0113j\u0101s deta\u013cas tiek izstr\u0101d\u0101tas individu\u0101li, p\u0113c klienta v\u0113lm\u0113m.\r\n\r\n3. <strong>Tr\u012bs dienu ce\u013cojums, apmekl\u0113jot Ro\u0146u salu un S\u0101rem\u0101 salu (Kures\u0101ri).<\/strong>\r\nRo\u0146u sal\u0101 ir iesp\u0113ja \u012br\u0113t pirti, cept \u0161a\u0161liku un veikt citus izklaides pas\u0101kumus. Kures\u0101r\u0113 ir iesp\u0113ja apmekl\u0113t Kures\u0101res B\u012bskapa pili un S\u0101rem\u0101 salas muzeju. Mar\u0161ruts un p\u0101r\u0113j\u0101s deta\u013cas tiek izstr\u0101d\u0101tas individu\u0101li, p\u0113c klienta v\u0113lm\u0113m.","protected":false},"excerpt":{"rendered":"Burinieka \u201eLibava\u201d komanda aicina J\u016bs aizraujo\u0161\u0101 un neaizmirstam\u0101 ce\u013cojum\u0101. Jums ir iesp\u0113ja izv\u0113l\u0113ties jebkuru mar\u0161rutu, ko m\u0113s pied\u0101v\u0101jam, vai ar\u012b pa\u0161i izstr\u0101d\u0101t savu. Izmantojot \u201eLibavas\u201d ku\u0123niec\u012bbas iesp\u0113jas, var ce\u013cot vis\u0101s j\u016br\u0101s bez ierobe\u017eojumiem un apmekl\u0113t jebkuras ostas, l\u012bdz ar to m\u016bsu burinieka iesp\u0113jas var piepild\u012bt visas J\u016bsu fant\u0101zijas. M\u0113s uz\u0146emsimies r\u016bpes, lai sagatavotos ce\u013cojumam. Jums ir tikai j\u0101izv\u0113las, kur doties un ko apskat\u012bt. Burinieks \u201eLibava\u201d ir lieliski piem\u0113rots korporat\u012bviem pas\u0101kumiem un sv\u0113tku svin\u012bb\u0101m. Tostarp k\u0101zu svin\u012bbas uz burinieka jau ir k\u013cuvu\u0161as par trad\u012bciju \u2013 uz masta tiek uzvilkts \u012bpa\u0161i veidots k\u0101zu karogs un, p\u0113c lielgabala \u0161\u0101vi\u0146iem, jaunlaul\u0101tie, st\u0101vot pie st\u016bres rata, vada burinieku. M\u016bsu pied\u0101v\u0101jums: Lai J\u016bs var\u0113tu justies k\u0101 seni ku\u0123ot\u0101ji, nav nepiecie\u0161ams dodoties t\u0101los braucienos, \u0161\u0101dam nol\u016bkam m\u0113s esam izstr\u0101d\u0101ju\u0161i virkni t\u016brisma mar\u0161rutus, kas ilgst s\u0101kot no vienas stundas: 1. Izbraukums Lielupe \u2013 R\u012bgas j\u016bras l\u012bcis \u2013 Lielupe. Atie\u0161ana no jahtu kluba Bu\u013cuciem\u0101 Vikingu iel\u0101 82A. Izbraukuma s\u0101kum\u0101&hellip;\r\n <p> <a class=\"more-link\" href=\"http:\/\/libavasail.lv\/lv\/izbraucieni-ar-vesturisku-jahtu\/\">Read more<\/a><\/p>","protected":false},"author":4,"featured_media":0,"parent":0,"menu_order":0,"comment_status":"closed","ping_status":"closed","template":"","meta":{"ngg_post_thumbnail":0},"_links":{"self":[{"href":"http:\/\/libavasail.lv\/lv\/wp-json\/wp\/v2\/pages\/410"}],"collection":[{"href":"http:\/\/libavasail.lv\/lv\/wp-json\/wp\/v2\/pages"}],"about":[{"href":"http:\/\/libavasail.lv\/lv\/wp-json\/wp\/v2\/types\/page"}],"author":[{"embeddable":true,"href":"http:\/\/libavasail.lv\/lv\/wp-json\/wp\/v2\/users\/4"}],"replies":[{"embeddable":true,"href":"http:\/\/libavasail.lv\/lv\/wp-json\/wp\/v2\/comments?post=410"}],"version-history":[{"count":2,"href":"http:\/\/libavasail.lv\/lv\/wp-json\/wp\/v2\/pages\/410\/revisions"}],"predecessor-version":[{"id":414,"href":"http:\/\/libavasail.lv\/lv\/wp-json\/wp\/v2\/pages\/410\/revisions\/414"}],"wp:attachment":[{"href":"http:\/\/libavasail.lv\/lv\/wp-json\/wp\/v2\/media?parent=410"}],"curies":[{"name":"wp","href":"https:\/\/api.w.org\/{rel}","templated":true}]}}