
{"id":783,"date":"2015-04-21T12:04:25","date_gmt":"2015-04-21T12:04:25","guid":{"rendered":"http:\/\/libavasail.lv\/lv\/musu-piedavajumi\/%d0%bf%d1%80%d0%be%d0%b3%d1%83%d0%bb%d0%ba%d0%b0-%d0%bf%d0%be-%d0%bb%d0%b8%d0%b5%d0%bb%d1%83%d0%bf%d0%b5-%d0%b8-%d1%80%d0%b8%d0%b6%d1%81%d0%ba%d0%be%d0%bc%d1%83-%d0%b7%d0%b0%d0%bb%d0%b8%d0%b2%d1%83\/"},"modified":"2016-07-03T19:41:37","modified_gmt":"2016-07-03T19:41:37","slug":"izbrauciens-pa-lielupi-un-rigas-juras-lici","status":"publish","type":"page","link":"http:\/\/libavasail.lv\/lv\/musu-piedavajumi\/izbrauciens-pa-lielupi-un-rigas-juras-lici\/","title":{"rendered":"Izbrauciens pa Lielupi un R\u012bgas j\u016bras l\u012bci"},"content":{"rendered":"<span style=\"font-family: TimesNewRomanPSMT,serif;\"><span style=\"font-size: medium;\"><span style=\"font-family: TimesNewRomanPSMT,MS Gothic;\"><span style=\"font-size: large;\"><span lang=\"lv-LV\">\u201cLibava\u201d var uz\u0146emt l\u012bdz pat 40 pasa\u017eieriem un pied\u0101v\u0101 doties braucien\u0101 pa Lielupes un J\u016brmalas piekrastes skaist\u0101kaj\u0101m viet\u0101m. M\u016bsu viesi var piedal\u012bties buru uzvilk\u0161an\u0101 un izm\u0113\u0123in\u0101t sp\u0113kus pie burinieka st\u016bres rata. Visu izbrauciena laiku J\u016bs iepriecin\u0101s lieliska m\u016bzika un neaizmirstama romantika. Ja v\u0113l\u0113sities, Jums pied\u0101v\u0101s bufetes galdu, uzkodas un karstos \u0113dienus (par \u0113dienkarti j\u0101vienojas iepriek\u0161). <\/span><\/span><\/span><\/span><\/span>\r\n\r\n\u0160ovasar s\u0101k\u0101m organiz\u0113t ar\u012b grupu braucienus, kuros iesp\u0113jams ieg\u0101d\u0101ties atsevi\u0161\u0137as bi\u013cetes. T\u0101s variet nopirkt BI\u013bE\u0160U SERVISA kas\u0113s vai pas\u016bt\u012bt <a href=\"http:\/\/www.bilesuserviss.lv\/rus\/bileti\/gimenei\/cits\/izbraukums-ar-vesturisko-burinieku-libava-191622\/\" target=\"_blank\">internet\u0101<\/a>.\r\n\r\n<a href=\"http:\/\/www.bilesuserviss.lv\/rus\/bileti\/gimenei\/cits\/izbraukums-ar-vesturisko-burinieku-libava-191622\/\" target=\"_blank\"><img loading=\"lazy\" class=\"alignnone size-full wp-image-580\" src=\"http:\/\/libavasail.lv\/wp-content\/uploads\/2014\/01\/Libava-v-putj.jpg\" alt=\"\u042e\u0440\u043c\u0430\u043b\u0430 \u0420\u0438\u0433\u0430 \u043f\u0440\u043e\u0433\u0443\u043b\u043a\u0430 \u043d\u0430 \u044f\u0445\u0442\u0435 \u041b\u0438\u0431\u0430\u0432\u0430\" width=\"1280\" height=\"853\" srcset=\"http:\/\/libavasail.lv\/wp-content\/uploads\/2014\/01\/Libava-v-putj.jpg 1280w, http:\/\/libavasail.lv\/wp-content\/uploads\/2014\/01\/Libava-v-putj-300x199.jpg 300w, http:\/\/libavasail.lv\/wp-content\/uploads\/2014\/01\/Libava-v-putj-1024x682.jpg 1024w, http:\/\/libavasail.lv\/wp-content\/uploads\/2014\/01\/Libava-v-putj-480x320.jpg 480w, http:\/\/libavasail.lv\/wp-content\/uploads\/2014\/01\/Libava-v-putj-600x400.jpg 600w, http:\/\/libavasail.lv\/wp-content\/uploads\/2014\/01\/Libava-v-putj-940x626.jpg 940w\" sizes=\"(max-width: 1280px) 100vw, 1280px\" \/><\/a>\r\n\r\n&nbsp;","protected":false},"excerpt":{"rendered":"\u201cLibava\u201d var uz\u0146emt l\u012bdz pat 40 pasa\u017eieriem un pied\u0101v\u0101 doties braucien\u0101 pa Lielupes un J\u016brmalas piekrastes skaist\u0101kaj\u0101m viet\u0101m. M\u016bsu viesi var piedal\u012bties buru uzvilk\u0161an\u0101 un izm\u0113\u0123in\u0101t sp\u0113kus pie burinieka st\u016bres rata. Visu izbrauciena laiku J\u016bs iepriecin\u0101s lieliska m\u016bzika un neaizmirstama romantika. Ja v\u0113l\u0113sities, Jums pied\u0101v\u0101s bufetes galdu, uzkodas un karstos \u0113dienus (par \u0113dienkarti j\u0101vienojas iepriek\u0161). \u0160ovasar s\u0101k\u0101m organiz\u0113t ar\u012b grupu braucienus, kuros iesp\u0113jams ieg\u0101d\u0101ties atsevi\u0161\u0137as bi\u013cetes. T\u0101s variet nopirkt BI\u013bE\u0160U SERVISA kas\u0113s vai pas\u016bt\u012bt internet\u0101. &nbsp;","protected":false},"author":4,"featured_media":0,"parent":496,"menu_order":0,"comment_status":"closed","ping_status":"closed","template":"","meta":{"ngg_post_thumbnail":0},"_links":{"self":[{"href":"http:\/\/libavasail.lv\/lv\/wp-json\/wp\/v2\/pages\/783"}],"collection":[{"href":"http:\/\/libavasail.lv\/lv\/wp-json\/wp\/v2\/pages"}],"about":[{"href":"http:\/\/libavasail.lv\/lv\/wp-json\/wp\/v2\/types\/page"}],"author":[{"embeddable":true,"href":"http:\/\/libavasail.lv\/lv\/wp-json\/wp\/v2\/users\/4"}],"replies":[{"embeddable":true,"href":"http:\/\/libavasail.lv\/lv\/wp-json\/wp\/v2\/comments?post=783"}],"version-history":[{"count":4,"href":"http:\/\/libavasail.lv\/lv\/wp-json\/wp\/v2\/pages\/783\/revisions"}],"predecessor-version":[{"id":788,"href":"http:\/\/libavasail.lv\/lv\/wp-json\/wp\/v2\/pages\/783\/revisions\/788"}],"up":[{"embeddable":true,"href":"http:\/\/libavasail.lv\/lv\/wp-json\/wp\/v2\/pages\/496"}],"wp:attachment":[{"href":"http:\/\/libavasail.lv\/lv\/wp-json\/wp\/v2\/media?parent=783"}],"curies":[{"name":"wp","href":"https:\/\/api.w.org\/{rel}","templated":true}]}}