
{"id":791,"date":"2015-04-21T11:58:53","date_gmt":"2015-04-21T11:58:53","guid":{"rendered":"http:\/\/libavasail.lv\/lv\/musu-piedavajumi\/%d0%ba%d0%be%d1%80%d0%bf%d0%be%d1%80%d0%b0%d1%82%d0%b8%d0%b2-%d0%bf%d0%be%d0%b4-%d0%bf%d0%b0%d1%80%d1%83%d1%81%d0%b0%d0%bc%d0%b8\/"},"modified":"2016-07-05T10:31:57","modified_gmt":"2016-07-05T10:31:57","slug":"korporativais-pasakums-uz-burinieka","status":"publish","type":"page","link":"http:\/\/libavasail.lv\/lv\/musu-piedavajumi\/korporativais-pasakums-uz-burinieka\/","title":{"rendered":"Korporat\u012bvais pas\u0101kums uz burinieka"},"content":{"rendered":"Pied\u0101v\u0101jam J\u016bsu uz\u0146\u0113mumam \u201cizbraukuma apspriedi\u201d uz v\u0113sturisk\u0101 burinieka \u201cLibava\u201d kl\u0101ja! M\u0113s dosimies svaiga v\u0113ja un saules gaismas piln\u0101 izbraukum\u0101 gar gleznainajiem Lielupes krastiem un l\u012b\u010da piekrasti.\r\n\r\nLai celtu J\u016bsu kolekt\u012bva komandas garu, var\u0113siet piedal\u012bties buru pacel\u0161an\u0101 un ku\u0123a vad\u012b\u0161anas proces\u0101. Ja v\u0113l\u0113sieties, m\u016bsu ku\u0123a restor\u0101ns par\u016bp\u0113sies par galda kl\u0101\u0161anu J\u016bsu darbiniekiem. Noska\u0146ai varam uzaicin\u0101t muzikantus, kas atska\u0146os dz\u012bvo m\u016bziku vai piemekl\u0113t jums piem\u0113rotus ierakstus. Jebkur\u0101 gad\u012bjum\u0101 neaizmirstamus iespaidus un j\u016br\u0101 ie\u0161anas pieredzi m\u0113s Jums garant\u0113jam!\r\n\r\n<em> \u201cLibava\u201d var uz\u0146emt l\u012bdz 40 viesiem, minim\u0101lais izbrauciena ilgums ir 2 stundas.\r\n<\/em>\r\n<h3>\u00a0<a id=\"restorans\"><\/a>Ku\u0123a restor\u0101ns<\/h3>\r\n<div id='gallery-1' class='gallery galleryid-791 gallery-columns-6 gallery-size-thumbnail'><figure class='gallery-item'>\n\t\t\t<div class='gallery-icon landscape'>\n\t\t\t\t<a href='http:\/\/libavasail.lv\/wp-content\/uploads\/2015\/04\/MG_0076.jpg'><img width=\"150\" height=\"150\" src=\"http:\/\/libavasail.lv\/wp-content\/uploads\/2015\/04\/MG_0076-150x150.jpg\" class=\"attachment-thumbnail size-thumbnail\" alt=\"\" loading=\"lazy\" \/><\/a>\n\t\t\t<\/div><\/figure><figure class='gallery-item'>\n\t\t\t<div class='gallery-icon landscape'>\n\t\t\t\t<a href='http:\/\/libavasail.lv\/wp-content\/uploads\/2015\/04\/MG_0086.jpg'><img width=\"150\" height=\"150\" src=\"http:\/\/libavasail.lv\/wp-content\/uploads\/2015\/04\/MG_0086-150x150.jpg\" class=\"attachment-thumbnail size-thumbnail\" alt=\"\" loading=\"lazy\" \/><\/a>\n\t\t\t<\/div><\/figure><figure class='gallery-item'>\n\t\t\t<div class='gallery-icon landscape'>\n\t\t\t\t<a href='http:\/\/libavasail.lv\/wp-content\/uploads\/2015\/04\/MG_0098.jpg'><img width=\"150\" height=\"150\" src=\"http:\/\/libavasail.lv\/wp-content\/uploads\/2015\/04\/MG_0098-150x150.jpg\" class=\"attachment-thumbnail size-thumbnail\" alt=\"\" loading=\"lazy\" \/><\/a>\n\t\t\t<\/div><\/figure><figure class='gallery-item'>\n\t\t\t<div class='gallery-icon landscape'>\n\t\t\t\t<a href='http:\/\/libavasail.lv\/wp-content\/uploads\/2015\/04\/MG_0116.jpg'><img width=\"150\" height=\"150\" src=\"http:\/\/libavasail.lv\/wp-content\/uploads\/2015\/04\/MG_0116-150x150.jpg\" class=\"attachment-thumbnail size-thumbnail\" alt=\"\" loading=\"lazy\" \/><\/a>\n\t\t\t<\/div><\/figure><figure class='gallery-item'>\n\t\t\t<div class='gallery-icon landscape'>\n\t\t\t\t<a href='http:\/\/libavasail.lv\/wp-content\/uploads\/2015\/04\/MG_0121.jpg'><img width=\"150\" height=\"150\" src=\"http:\/\/libavasail.lv\/wp-content\/uploads\/2015\/04\/MG_0121-150x150.jpg\" class=\"attachment-thumbnail size-thumbnail\" alt=\"\" loading=\"lazy\" \/><\/a>\n\t\t\t<\/div><\/figure><figure class='gallery-item'>\n\t\t\t<div class='gallery-icon landscape'>\n\t\t\t\t<a href='http:\/\/libavasail.lv\/wp-content\/uploads\/2015\/04\/MG_0130.jpg'><img width=\"150\" height=\"150\" src=\"http:\/\/libavasail.lv\/wp-content\/uploads\/2015\/04\/MG_0130-150x150.jpg\" class=\"attachment-thumbnail size-thumbnail\" alt=\"\" loading=\"lazy\" \/><\/a>\n\t\t\t<\/div><\/figure><figure class='gallery-item'>\n\t\t\t<div class='gallery-icon landscape'>\n\t\t\t\t<a href='http:\/\/libavasail.lv\/wp-content\/uploads\/2015\/04\/MG_0132.jpg'><img width=\"150\" height=\"150\" src=\"http:\/\/libavasail.lv\/wp-content\/uploads\/2015\/04\/MG_0132-150x150.jpg\" class=\"attachment-thumbnail size-thumbnail\" alt=\"\" loading=\"lazy\" \/><\/a>\n\t\t\t<\/div><\/figure><figure class='gallery-item'>\n\t\t\t<div class='gallery-icon landscape'>\n\t\t\t\t<a href='http:\/\/libavasail.lv\/wp-content\/uploads\/2015\/04\/MG_0138.jpg'><img width=\"150\" height=\"150\" src=\"http:\/\/libavasail.lv\/wp-content\/uploads\/2015\/04\/MG_0138-150x150.jpg\" class=\"attachment-thumbnail size-thumbnail\" alt=\"\" loading=\"lazy\" \/><\/a>\n\t\t\t<\/div><\/figure><figure class='gallery-item'>\n\t\t\t<div class='gallery-icon landscape'>\n\t\t\t\t<a href='http:\/\/libavasail.lv\/wp-content\/uploads\/2015\/04\/MG_0140.jpg'><img width=\"150\" height=\"150\" src=\"http:\/\/libavasail.lv\/wp-content\/uploads\/2015\/04\/MG_0140-150x150.jpg\" class=\"attachment-thumbnail size-thumbnail\" alt=\"\" loading=\"lazy\" \/><\/a>\n\t\t\t<\/div><\/figure><figure class='gallery-item'>\n\t\t\t<div class='gallery-icon landscape'>\n\t\t\t\t<a href='http:\/\/libavasail.lv\/wp-content\/uploads\/2015\/04\/MG_0142.jpg'><img width=\"150\" height=\"150\" src=\"http:\/\/libavasail.lv\/wp-content\/uploads\/2015\/04\/MG_0142-150x150.jpg\" class=\"attachment-thumbnail size-thumbnail\" alt=\"\" loading=\"lazy\" \/><\/a>\n\t\t\t<\/div><\/figure><figure class='gallery-item'>\n\t\t\t<div class='gallery-icon landscape'>\n\t\t\t\t<a href='http:\/\/libavasail.lv\/wp-content\/uploads\/2015\/04\/MG_0152.jpg'><img width=\"150\" height=\"150\" src=\"http:\/\/libavasail.lv\/wp-content\/uploads\/2015\/04\/MG_0152-150x150.jpg\" class=\"attachment-thumbnail size-thumbnail\" alt=\"\" loading=\"lazy\" \/><\/a>\n\t\t\t<\/div><\/figure><figure class='gallery-item'>\n\t\t\t<div class='gallery-icon landscape'>\n\t\t\t\t<a href='http:\/\/libavasail.lv\/wp-content\/uploads\/2015\/04\/MG_0153.jpg'><img width=\"150\" height=\"150\" src=\"http:\/\/libavasail.lv\/wp-content\/uploads\/2015\/04\/MG_0153-150x150.jpg\" class=\"attachment-thumbnail size-thumbnail\" alt=\"\" loading=\"lazy\" \/><\/a>\n\t\t\t<\/div><\/figure><figure class='gallery-item'>\n\t\t\t<div class='gallery-icon landscape'>\n\t\t\t\t<a href='http:\/\/libavasail.lv\/wp-content\/uploads\/2015\/04\/MG_0171.jpg'><img width=\"150\" height=\"150\" src=\"http:\/\/libavasail.lv\/wp-content\/uploads\/2015\/04\/MG_0171-150x150.jpg\" class=\"attachment-thumbnail size-thumbnail\" alt=\"\" loading=\"lazy\" \/><\/a>\n\t\t\t<\/div><\/figure><figure class='gallery-item'>\n\t\t\t<div class='gallery-icon landscape'>\n\t\t\t\t<a href='http:\/\/libavasail.lv\/wp-content\/uploads\/2015\/04\/MG_0202.jpg'><img width=\"150\" height=\"150\" src=\"http:\/\/libavasail.lv\/wp-content\/uploads\/2015\/04\/MG_0202-150x150.jpg\" class=\"attachment-thumbnail size-thumbnail\" alt=\"\" loading=\"lazy\" \/><\/a>\n\t\t\t<\/div><\/figure><figure class='gallery-item'>\n\t\t\t<div class='gallery-icon landscape'>\n\t\t\t\t<a href='http:\/\/libavasail.lv\/wp-content\/uploads\/2015\/04\/MG_0218.jpg'><img width=\"150\" height=\"150\" src=\"http:\/\/libavasail.lv\/wp-content\/uploads\/2015\/04\/MG_0218-150x150.jpg\" class=\"attachment-thumbnail size-thumbnail\" alt=\"\" loading=\"lazy\" \/><\/a>\n\t\t\t<\/div><\/figure><figure class='gallery-item'>\n\t\t\t<div class='gallery-icon landscape'>\n\t\t\t\t<a href='http:\/\/libavasail.lv\/wp-content\/uploads\/2015\/04\/MG_0319-copy.jpg'><img width=\"150\" height=\"150\" src=\"http:\/\/libavasail.lv\/wp-content\/uploads\/2015\/04\/MG_0319-copy-150x150.jpg\" class=\"attachment-thumbnail size-thumbnail\" alt=\"\" loading=\"lazy\" \/><\/a>\n\t\t\t<\/div><\/figure>\n\t\t<\/div>\n\r\n<h3>Bildes no pas\u0101kumiem<\/h3>\r\n<div id='gallery-2' class='gallery galleryid-791 gallery-columns-6 gallery-size-thumbnail'><figure class='gallery-item'>\n\t\t\t<div class='gallery-icon portrait'>\n\t\t\t\t<a href='http:\/\/libavasail.lv\/wp-content\/uploads\/2014\/01\/ND7_4129.jpg'><img width=\"150\" height=\"150\" src=\"http:\/\/libavasail.lv\/wp-content\/uploads\/2014\/01\/ND7_4129-150x150.jpg\" class=\"attachment-thumbnail size-thumbnail\" alt=\"\" loading=\"lazy\" \/><\/a>\n\t\t\t<\/div><\/figure><figure class='gallery-item'>\n\t\t\t<div class='gallery-icon landscape'>\n\t\t\t\t<a href='http:\/\/libavasail.lv\/wp-content\/uploads\/2013\/04\/IMG_2193.jpg'><img width=\"150\" height=\"150\" src=\"http:\/\/libavasail.lv\/wp-content\/uploads\/2013\/04\/IMG_2193-150x150.jpg\" class=\"attachment-thumbnail size-thumbnail\" alt=\"\" loading=\"lazy\" \/><\/a>\n\t\t\t<\/div><\/figure><figure class='gallery-item'>\n\t\t\t<div class='gallery-icon landscape'>\n\t\t\t\t<a href='http:\/\/libavasail.lv\/wp-content\/uploads\/2014\/01\/Libava-v-putj.jpg'><img width=\"150\" height=\"150\" src=\"http:\/\/libavasail.lv\/wp-content\/uploads\/2014\/01\/Libava-v-putj-150x150.jpg\" class=\"attachment-thumbnail size-thumbnail\" alt=\"\" loading=\"lazy\" \/><\/a>\n\t\t\t<\/div><\/figure><figure class='gallery-item'>\n\t\t\t<div class='gallery-icon landscape'>\n\t\t\t\t<a href='http:\/\/libavasail.lv\/wp-content\/uploads\/2013\/04\/LIBAVA-Historical-Ship-Replica_Lielupe.jpg'><img width=\"150\" height=\"150\" src=\"http:\/\/libavasail.lv\/wp-content\/uploads\/2013\/04\/LIBAVA-Historical-Ship-Replica_Lielupe-150x150.jpg\" class=\"attachment-thumbnail size-thumbnail\" alt=\"\" loading=\"lazy\" \/><\/a>\n\t\t\t<\/div><\/figure><figure class='gallery-item'>\n\t\t\t<div class='gallery-icon landscape'>\n\t\t\t\t<a href='http:\/\/libavasail.lv\/wp-content\/uploads\/2015\/04\/2189016_ehgeZO.jpeg'><img width=\"150\" height=\"150\" src=\"http:\/\/libavasail.lv\/wp-content\/uploads\/2015\/04\/2189016_ehgeZO-150x150.jpeg\" class=\"attachment-thumbnail size-thumbnail\" alt=\"\" loading=\"lazy\" \/><\/a>\n\t\t\t<\/div><\/figure><figure class='gallery-item'>\n\t\t\t<div class='gallery-icon landscape'>\n\t\t\t\t<a href='http:\/\/libavasail.lv\/wp-content\/uploads\/2015\/04\/2189292_U2rnSs.jpeg'><img width=\"150\" height=\"150\" src=\"http:\/\/libavasail.lv\/wp-content\/uploads\/2015\/04\/2189292_U2rnSs-150x150.jpeg\" class=\"attachment-thumbnail size-thumbnail\" alt=\"\" loading=\"lazy\" \/><\/a>\n\t\t\t<\/div><\/figure><figure class='gallery-item'>\n\t\t\t<div class='gallery-icon landscape'>\n\t\t\t\t<a href='http:\/\/libavasail.lv\/wp-content\/uploads\/2015\/04\/2188990_J5VUR9.jpeg'><img width=\"150\" height=\"150\" src=\"http:\/\/libavasail.lv\/wp-content\/uploads\/2015\/04\/2188990_J5VUR9-150x150.jpeg\" class=\"attachment-thumbnail size-thumbnail\" alt=\"\" loading=\"lazy\" \/><\/a>\n\t\t\t<\/div><\/figure><figure class='gallery-item'>\n\t\t\t<div class='gallery-icon landscape'>\n\t\t\t\t<a href='http:\/\/libavasail.lv\/wp-content\/uploads\/2015\/04\/2188982_h2XHS3.jpeg'><img width=\"150\" height=\"150\" src=\"http:\/\/libavasail.lv\/wp-content\/uploads\/2015\/04\/2188982_h2XHS3-150x150.jpeg\" class=\"attachment-thumbnail size-thumbnail\" alt=\"\" loading=\"lazy\" \/><\/a>\n\t\t\t<\/div><\/figure><figure class='gallery-item'>\n\t\t\t<div class='gallery-icon landscape'>\n\t\t\t\t<a href='http:\/\/libavasail.lv\/wp-content\/uploads\/2015\/04\/2188276_ZnNHqN.jpeg'><img width=\"150\" height=\"150\" src=\"http:\/\/libavasail.lv\/wp-content\/uploads\/2015\/04\/2188276_ZnNHqN-150x150.jpeg\" class=\"attachment-thumbnail size-thumbnail\" alt=\"\" loading=\"lazy\" \/><\/a>\n\t\t\t<\/div><\/figure><figure class='gallery-item'>\n\t\t\t<div class='gallery-icon landscape'>\n\t\t\t\t<a href='http:\/\/libavasail.lv\/wp-content\/uploads\/2014\/01\/LIVAVA_Historic_ship_Lielupe_IMG_9839.jpg'><img width=\"150\" height=\"150\" src=\"http:\/\/libavasail.lv\/wp-content\/uploads\/2014\/01\/LIVAVA_Historic_ship_Lielupe_IMG_9839-150x150.jpg\" class=\"attachment-thumbnail size-thumbnail\" alt=\"\" loading=\"lazy\" \/><\/a>\n\t\t\t<\/div><\/figure><figure class='gallery-item'>\n\t\t\t<div class='gallery-icon portrait'>\n\t\t\t\t<a href='http:\/\/libavasail.lv\/wp-content\/uploads\/2015\/04\/2189128_jMFdKn.jpeg'><img width=\"150\" height=\"150\" src=\"http:\/\/libavasail.lv\/wp-content\/uploads\/2015\/04\/2189128_jMFdKn-150x150.jpeg\" class=\"attachment-thumbnail size-thumbnail\" alt=\"\" loading=\"lazy\" \/><\/a>\n\t\t\t<\/div><\/figure><figure class='gallery-item'>\n\t\t\t<div class='gallery-icon landscape'>\n\t\t\t\t<a href='http:\/\/libavasail.lv\/wp-content\/uploads\/2014\/01\/IMG_2216.jpg'><img width=\"150\" height=\"150\" src=\"http:\/\/libavasail.lv\/wp-content\/uploads\/2014\/01\/IMG_2216-150x150.jpg\" class=\"attachment-thumbnail size-thumbnail\" alt=\"\" loading=\"lazy\" \/><\/a>\n\t\t\t<\/div><\/figure><figure class='gallery-item'>\n\t\t\t<div class='gallery-icon landscape'>\n\t\t\t\t<a href='http:\/\/libavasail.lv\/wp-content\/uploads\/2014\/01\/IMG_2226.jpg'><img width=\"150\" height=\"150\" src=\"http:\/\/libavasail.lv\/wp-content\/uploads\/2014\/01\/IMG_2226-150x150.jpg\" class=\"attachment-thumbnail size-thumbnail\" alt=\"\" loading=\"lazy\" \/><\/a>\n\t\t\t<\/div><\/figure>\n\t\t<\/div>\n\r\n<h3>Virtu\u0101la t\u016bre<\/h3>\r\n<a href=\"http:\/\/ocean.lv\/Tours\/Latvia\/LibavaShip\/virtualtour.html\" target=\"_blank\"><img loading=\"lazy\" class=\"alignnone wp-image-754 size-full\" src=\"http:\/\/libavasail.lv\/wp-content\/uploads\/2013\/04\/Libava-Kugis-Jahtas-Noma-Jurmala-360-gradu-virtuala-ture.jpg\" alt=\"Libava Kugis Jahtas Noma Jurmala 360 gradu virtuala ture\" width=\"1280\" height=\"456\" srcset=\"http:\/\/libavasail.lv\/wp-content\/uploads\/2013\/04\/Libava-Kugis-Jahtas-Noma-Jurmala-360-gradu-virtuala-ture.jpg 1280w, http:\/\/libavasail.lv\/wp-content\/uploads\/2013\/04\/Libava-Kugis-Jahtas-Noma-Jurmala-360-gradu-virtuala-ture-300x107.jpg 300w, http:\/\/libavasail.lv\/wp-content\/uploads\/2013\/04\/Libava-Kugis-Jahtas-Noma-Jurmala-360-gradu-virtuala-ture-768x274.jpg 768w, http:\/\/libavasail.lv\/wp-content\/uploads\/2013\/04\/Libava-Kugis-Jahtas-Noma-Jurmala-360-gradu-virtuala-ture-1024x365.jpg 1024w, http:\/\/libavasail.lv\/wp-content\/uploads\/2013\/04\/Libava-Kugis-Jahtas-Noma-Jurmala-360-gradu-virtuala-ture-480x171.jpg 480w, http:\/\/libavasail.lv\/wp-content\/uploads\/2013\/04\/Libava-Kugis-Jahtas-Noma-Jurmala-360-gradu-virtuala-ture-600x214.jpg 600w, http:\/\/libavasail.lv\/wp-content\/uploads\/2013\/04\/Libava-Kugis-Jahtas-Noma-Jurmala-360-gradu-virtuala-ture-940x335.jpg 940w\" sizes=\"(max-width: 1280px) 100vw, 1280px\" \/><\/a>","protected":false},"excerpt":{"rendered":"Pied\u0101v\u0101jam J\u016bsu uz\u0146\u0113mumam \u201cizbraukuma apspriedi\u201d uz v\u0113sturisk\u0101 burinieka \u201cLibava\u201d kl\u0101ja! M\u0113s dosimies svaiga v\u0113ja un saules gaismas piln\u0101 izbraukum\u0101 gar gleznainajiem Lielupes krastiem un l\u012b\u010da piekrasti. Lai celtu J\u016bsu kolekt\u012bva komandas garu, var\u0113siet piedal\u012bties buru pacel\u0161an\u0101 un ku\u0123a vad\u012b\u0161anas proces\u0101. Ja v\u0113l\u0113sieties, m\u016bsu ku\u0123a restor\u0101ns par\u016bp\u0113sies par galda kl\u0101\u0161anu J\u016bsu darbiniekiem. Noska\u0146ai varam uzaicin\u0101t muzikantus, kas atska\u0146os dz\u012bvo m\u016bziku vai piemekl\u0113t jums piem\u0113rotus ierakstus. Jebkur\u0101 gad\u012bjum\u0101 neaizmirstamus iespaidus un j\u016br\u0101 ie\u0161anas pieredzi m\u0113s Jums garant\u0113jam! \u201cLibava\u201d var uz\u0146emt l\u012bdz 40 viesiem, minim\u0101lais izbrauciena ilgums ir 2 stundas. \u00a0Ku\u0123a restor\u0101ns Bildes no pas\u0101kumiem Virtu\u0101la t\u016bre","protected":false},"author":4,"featured_media":0,"parent":496,"menu_order":0,"comment_status":"closed","ping_status":"closed","template":"","meta":{"ngg_post_thumbnail":0},"_links":{"self":[{"href":"http:\/\/libavasail.lv\/lv\/wp-json\/wp\/v2\/pages\/791"}],"collection":[{"href":"http:\/\/libavasail.lv\/lv\/wp-json\/wp\/v2\/pages"}],"about":[{"href":"http:\/\/libavasail.lv\/lv\/wp-json\/wp\/v2\/types\/page"}],"author":[{"embeddable":true,"href":"http:\/\/libavasail.lv\/lv\/wp-json\/wp\/v2\/users\/4"}],"replies":[{"embeddable":true,"href":"http:\/\/libavasail.lv\/lv\/wp-json\/wp\/v2\/comments?post=791"}],"version-history":[{"count":9,"href":"http:\/\/libavasail.lv\/lv\/wp-json\/wp\/v2\/pages\/791\/revisions"}],"predecessor-version":[{"id":912,"href":"http:\/\/libavasail.lv\/lv\/wp-json\/wp\/v2\/pages\/791\/revisions\/912"}],"up":[{"embeddable":true,"href":"http:\/\/libavasail.lv\/lv\/wp-json\/wp\/v2\/pages\/496"}],"wp:attachment":[{"href":"http:\/\/libavasail.lv\/lv\/wp-json\/wp\/v2\/media?parent=791"}],"curies":[{"name":"wp","href":"https:\/\/api.w.org\/{rel}","templated":true}]}}