
{"id":496,"date":"2015-04-01T22:31:28","date_gmt":"2015-04-01T22:31:28","guid":{"rendered":"http:\/\/libavasail.lv\/%d0%bd%d0%b0%d1%88%d0%b8-%d0%bf%d1%80%d0%b5%d0%b4%d0%bb%d0%be%d0%b6%d0%b5%d0%bd%d0%b8%d1%8f-2\/"},"modified":"2016-07-03T18:19:14","modified_gmt":"2016-07-03T18:19:14","slug":"musu-piedavajumi","status":"publish","type":"page","link":"https:\/\/libavasail.lv\/lv\/musu-piedavajumi\/","title":{"rendered":"M\u016bsu pied\u0101v\u0101jumi"},"content":{"rendered":"<h2 style=\"text-align: center;\">Izbrauciens pa Lielupi un R\u012bgas j\u016bras l\u012bci<\/h2>\r\n<h2 style=\"text-align: center;\">Neliels ce\u013cojums no J\u016brmalas uz R\u012bgu<\/h2>\r\n<h2 style=\"text-align: center;\">J\u016bras sp\u0113le kvests \u201cD\u0101rgumu mekl\u0113jumos\u201d<\/h2>\r\n<h2 style=\"text-align: center;\">Korporat\u012bvais pas\u0101kums uz burinieka<\/h2>\r\n<h2 style=\"text-align: center;\">B\u0113rnu dzim\u0161anas dienas<\/h2>\r\n<h2 style=\"text-align: center;\">K\u0101zas uz ku\u0123a<\/h2>\r\n&nbsp;\r\n<p style=\"text-align: center;\"><\/p>","protected":false},"excerpt":{"rendered":"Izbrauciens pa Lielupi un R\u012bgas j\u016bras l\u012bci Neliels ce\u013cojums no J\u016brmalas uz R\u012bgu J\u016bras sp\u0113le kvests \u201cD\u0101rgumu mekl\u0113jumos\u201d Korporat\u012bvais pas\u0101kums uz burinieka B\u0113rnu dzim\u0161anas dienas K\u0101zas uz ku\u0123a &nbsp;","protected":false},"author":4,"featured_media":0,"parent":0,"menu_order":0,"comment_status":"closed","ping_status":"closed","template":"","meta":{"ngg_post_thumbnail":0},"_links":{"self":[{"href":"https:\/\/libavasail.lv\/lv\/wp-json\/wp\/v2\/pages\/496"}],"collection":[{"href":"https:\/\/libavasail.lv\/lv\/wp-json\/wp\/v2\/pages"}],"about":[{"href":"https:\/\/libavasail.lv\/lv\/wp-json\/wp\/v2\/types\/page"}],"author":[{"embeddable":true,"href":"https:\/\/libavasail.lv\/lv\/wp-json\/wp\/v2\/users\/4"}],"replies":[{"embeddable":true,"href":"https:\/\/libavasail.lv\/lv\/wp-json\/wp\/v2\/comments?post=496"}],"version-history":[{"count":8,"href":"https:\/\/libavasail.lv\/lv\/wp-json\/wp\/v2\/pages\/496\/revisions"}],"predecessor-version":[{"id":767,"href":"https:\/\/libavasail.lv\/lv\/wp-json\/wp\/v2\/pages\/496\/revisions\/767"}],"wp:attachment":[{"href":"https:\/\/libavasail.lv\/lv\/wp-json\/wp\/v2\/media?parent=496"}],"curies":[{"name":"wp","href":"https:\/\/api.w.org\/{rel}","templated":true}]}}