
{"id":738,"date":"2015-04-21T12:07:58","date_gmt":"2015-04-21T12:07:58","guid":{"rendered":"http:\/\/libavasail.lv\/lv\/%d0%bd%d0%b0%d1%88%d0%b8-%d0%bf%d1%80%d0%b5%d0%b4%d0%bb%d0%be%d0%b6%d0%b5%d0%bd%d0%b8%d1%8f\/%d0%b4%d0%b5%d1%82%d1%81%d0%ba%d0%b8%d0%b5-%d0%b4%d0%bd%d0%b8-%d1%80%d0%be%d0%b6%d0%b4%d0%b5%d0%bd%d0%b8%d1%8f\/"},"modified":"2016-07-03T18:11:24","modified_gmt":"2016-07-03T18:11:24","slug":"bernu-dzimsanas-dienas","status":"publish","type":"page","link":"https:\/\/libavasail.lv\/lv\/musu-piedavajumi\/bernu-dzimsanas-dienas\/","title":{"rendered":"B\u0113rnu dzim\u0161anas dienas"},"content":{"rendered":"<span style=\"font-size: large;\">Piedz\u012bvojumi! Tie\u0161i piedz\u012bvojumi sagaida mazos viesus uz m\u016bsu \u201cLibavas\u201d kl\u0101ja. Profesion\u0101ls aktieris jautr\u0101 pir\u0101ta lom\u0101 visa j\u016bras izbrauciena laik\u0101 izklaid\u0113s trok\u0161\u0146ainos ku\u0123a viesus. <\/span>\r\n\r\n&nbsp;\r\n\r\n<img loading=\"lazy\" class=\"alignnone size-large wp-image-728\" src=\"http:\/\/libavasail.lv\/wp-content\/uploads\/2015\/04\/\u041f\u0438\u0440\u0430\u0442\u0441\u043a\u0438\u0435-\u0414\u0435\u0442\u0441\u043a\u0438\u0435-\u0434\u043d\u0438-\u0440\u043e\u0436\u0434\u0435\u043d\u0438\u044f-\u043d\u0430-\u043a\u043e\u0440\u0430\u0431\u043b\u0435-\u041b\u0438\u0431\u0430\u0432\u0430-1024x662.jpg\" alt=\"\u041f\u0438\u0440\u0430\u0442\u0441\u043a\u0438\u0435 \u0414\u0435\u0442\u0441\u043a\u0438\u0435 \u0434\u043d\u0438 \u0440\u043e\u0436\u0434\u0435\u043d\u0438\u044f \u043d\u0430 \u043a\u043e\u0440\u0430\u0431\u043b\u0435 \u041b\u0438\u0431\u0430\u0432\u0430\" width=\"940\" height=\"608\" srcset=\"https:\/\/libavasail.lv\/wp-content\/uploads\/2015\/04\/\u041f\u0438\u0440\u0430\u0442\u0441\u043a\u0438\u0435-\u0414\u0435\u0442\u0441\u043a\u0438\u0435-\u0434\u043d\u0438-\u0440\u043e\u0436\u0434\u0435\u043d\u0438\u044f-\u043d\u0430-\u043a\u043e\u0440\u0430\u0431\u043b\u0435-\u041b\u0438\u0431\u0430\u0432\u0430-1024x662.jpg 1024w, https:\/\/libavasail.lv\/wp-content\/uploads\/2015\/04\/\u041f\u0438\u0440\u0430\u0442\u0441\u043a\u0438\u0435-\u0414\u0435\u0442\u0441\u043a\u0438\u0435-\u0434\u043d\u0438-\u0440\u043e\u0436\u0434\u0435\u043d\u0438\u044f-\u043d\u0430-\u043a\u043e\u0440\u0430\u0431\u043b\u0435-\u041b\u0438\u0431\u0430\u0432\u0430-300x194.jpg 300w, https:\/\/libavasail.lv\/wp-content\/uploads\/2015\/04\/\u041f\u0438\u0440\u0430\u0442\u0441\u043a\u0438\u0435-\u0414\u0435\u0442\u0441\u043a\u0438\u0435-\u0434\u043d\u0438-\u0440\u043e\u0436\u0434\u0435\u043d\u0438\u044f-\u043d\u0430-\u043a\u043e\u0440\u0430\u0431\u043b\u0435-\u041b\u0438\u0431\u0430\u0432\u0430-768x497.jpg 768w, https:\/\/libavasail.lv\/wp-content\/uploads\/2015\/04\/\u041f\u0438\u0440\u0430\u0442\u0441\u043a\u0438\u0435-\u0414\u0435\u0442\u0441\u043a\u0438\u0435-\u0434\u043d\u0438-\u0440\u043e\u0436\u0434\u0435\u043d\u0438\u044f-\u043d\u0430-\u043a\u043e\u0440\u0430\u0431\u043b\u0435-\u041b\u0438\u0431\u0430\u0432\u0430-480x310.jpg 480w, https:\/\/libavasail.lv\/wp-content\/uploads\/2015\/04\/\u041f\u0438\u0440\u0430\u0442\u0441\u043a\u0438\u0435-\u0414\u0435\u0442\u0441\u043a\u0438\u0435-\u0434\u043d\u0438-\u0440\u043e\u0436\u0434\u0435\u043d\u0438\u044f-\u043d\u0430-\u043a\u043e\u0440\u0430\u0431\u043b\u0435-\u041b\u0438\u0431\u0430\u0432\u0430-600x388.jpg 600w, https:\/\/libavasail.lv\/wp-content\/uploads\/2015\/04\/\u041f\u0438\u0440\u0430\u0442\u0441\u043a\u0438\u0435-\u0414\u0435\u0442\u0441\u043a\u0438\u0435-\u0434\u043d\u0438-\u0440\u043e\u0436\u0434\u0435\u043d\u0438\u044f-\u043d\u0430-\u043a\u043e\u0440\u0430\u0431\u043b\u0435-\u041b\u0438\u0431\u0430\u0432\u0430-940x608.jpg 940w, https:\/\/libavasail.lv\/wp-content\/uploads\/2015\/04\/\u041f\u0438\u0440\u0430\u0442\u0441\u043a\u0438\u0435-\u0414\u0435\u0442\u0441\u043a\u0438\u0435-\u0434\u043d\u0438-\u0440\u043e\u0436\u0434\u0435\u043d\u0438\u044f-\u043d\u0430-\u043a\u043e\u0440\u0430\u0431\u043b\u0435-\u041b\u0438\u0431\u0430\u0432\u0430.jpg 2000w\" sizes=\"(max-width: 940px) 100vw, 940px\" \/>\r\n\r\nNejau\u0161i atrast\u0101 pudele, kur\u0101 b\u016bs apsl\u0113pto d\u0101rgumu karte, liks piedz\u012bvojumu mekl\u0113t\u0101jiem doties uz neapdz\u012bvotu salu.\r\n\r\n<img loading=\"lazy\" class=\"alignnone size-large wp-image-575\" src=\"http:\/\/libavasail.lv\/wp-content\/uploads\/2014\/01\/IMG_2226-1024x630.jpg\" alt=\"IMG_2226\" width=\"940\" height=\"578\" srcset=\"https:\/\/libavasail.lv\/wp-content\/uploads\/2014\/01\/IMG_2226-1024x630.jpg 1024w, https:\/\/libavasail.lv\/wp-content\/uploads\/2014\/01\/IMG_2226-300x184.jpg 300w, https:\/\/libavasail.lv\/wp-content\/uploads\/2014\/01\/IMG_2226-480x295.jpg 480w, https:\/\/libavasail.lv\/wp-content\/uploads\/2014\/01\/IMG_2226-600x369.jpg 600w, https:\/\/libavasail.lv\/wp-content\/uploads\/2014\/01\/IMG_2226-940x578.jpg 940w, https:\/\/libavasail.lv\/wp-content\/uploads\/2014\/01\/IMG_2226.jpg 1280w\" sizes=\"(max-width: 940px) 100vw, 940px\" \/>\r\n\r\nIzpildot visus uzdevumus, kuros tiks p\u0101rbaud\u012bta drosme, ap\u0137\u0113r\u012bba un veikl\u012bba, gavi\u013cnieks un vi\u0146a viesi sa\u0146ems neaizmirstamu d\u0101vanu \u2013 \u012bstus apsl\u0113ptos d\u0101rgumus!\r\n\r\n<img loading=\"lazy\" class=\"alignnone size-large wp-image-732\" src=\"http:\/\/libavasail.lv\/wp-content\/uploads\/2015\/04\/\u041f\u0438\u0440\u0430\u0442\u0441\u043a\u0438\u0435-\u0414\u0435\u0442\u0441\u043a\u0438\u0435-\u0434\u043d\u0438-\u0440\u043e\u0436\u0434\u0435\u043d\u0438\u044f-\u043d\u0430-\u043a\u043e\u0440\u0430\u0431\u043b\u0435-\u041b\u0438\u0431\u0430\u0432\u0430-\u043a\u043b\u0430\u0434-1024x640.jpg\" alt=\"\u041f\u0438\u0440\u0430\u0442\u0441\u043a\u0438\u0435 \u0414\u0435\u0442\u0441\u043a\u0438\u0435 \u0434\u043d\u0438 \u0440\u043e\u0436\u0434\u0435\u043d\u0438\u044f \u043d\u0430 \u043a\u043e\u0440\u0430\u0431\u043b\u0435 \u041b\u0438\u0431\u0430\u0432\u0430 \u043a\u043b\u0430\u0434\" width=\"940\" height=\"588\" srcset=\"https:\/\/libavasail.lv\/wp-content\/uploads\/2015\/04\/\u041f\u0438\u0440\u0430\u0442\u0441\u043a\u0438\u0435-\u0414\u0435\u0442\u0441\u043a\u0438\u0435-\u0434\u043d\u0438-\u0440\u043e\u0436\u0434\u0435\u043d\u0438\u044f-\u043d\u0430-\u043a\u043e\u0440\u0430\u0431\u043b\u0435-\u041b\u0438\u0431\u0430\u0432\u0430-\u043a\u043b\u0430\u0434-1024x640.jpg 1024w, https:\/\/libavasail.lv\/wp-content\/uploads\/2015\/04\/\u041f\u0438\u0440\u0430\u0442\u0441\u043a\u0438\u0435-\u0414\u0435\u0442\u0441\u043a\u0438\u0435-\u0434\u043d\u0438-\u0440\u043e\u0436\u0434\u0435\u043d\u0438\u044f-\u043d\u0430-\u043a\u043e\u0440\u0430\u0431\u043b\u0435-\u041b\u0438\u0431\u0430\u0432\u0430-\u043a\u043b\u0430\u0434-300x188.jpg 300w, https:\/\/libavasail.lv\/wp-content\/uploads\/2015\/04\/\u041f\u0438\u0440\u0430\u0442\u0441\u043a\u0438\u0435-\u0414\u0435\u0442\u0441\u043a\u0438\u0435-\u0434\u043d\u0438-\u0440\u043e\u0436\u0434\u0435\u043d\u0438\u044f-\u043d\u0430-\u043a\u043e\u0440\u0430\u0431\u043b\u0435-\u041b\u0438\u0431\u0430\u0432\u0430-\u043a\u043b\u0430\u0434-768x480.jpg 768w, https:\/\/libavasail.lv\/wp-content\/uploads\/2015\/04\/\u041f\u0438\u0440\u0430\u0442\u0441\u043a\u0438\u0435-\u0414\u0435\u0442\u0441\u043a\u0438\u0435-\u0434\u043d\u0438-\u0440\u043e\u0436\u0434\u0435\u043d\u0438\u044f-\u043d\u0430-\u043a\u043e\u0440\u0430\u0431\u043b\u0435-\u041b\u0438\u0431\u0430\u0432\u0430-\u043a\u043b\u0430\u0434-480x300.jpg 480w, https:\/\/libavasail.lv\/wp-content\/uploads\/2015\/04\/\u041f\u0438\u0440\u0430\u0442\u0441\u043a\u0438\u0435-\u0414\u0435\u0442\u0441\u043a\u0438\u0435-\u0434\u043d\u0438-\u0440\u043e\u0436\u0434\u0435\u043d\u0438\u044f-\u043d\u0430-\u043a\u043e\u0440\u0430\u0431\u043b\u0435-\u041b\u0438\u0431\u0430\u0432\u0430-\u043a\u043b\u0430\u0434-600x375.jpg 600w, https:\/\/libavasail.lv\/wp-content\/uploads\/2015\/04\/\u041f\u0438\u0440\u0430\u0442\u0441\u043a\u0438\u0435-\u0414\u0435\u0442\u0441\u043a\u0438\u0435-\u0434\u043d\u0438-\u0440\u043e\u0436\u0434\u0435\u043d\u0438\u044f-\u043d\u0430-\u043a\u043e\u0440\u0430\u0431\u043b\u0435-\u041b\u0438\u0431\u0430\u0432\u0430-\u043a\u043b\u0430\u0434-940x588.jpg 940w, https:\/\/libavasail.lv\/wp-content\/uploads\/2015\/04\/\u041f\u0438\u0440\u0430\u0442\u0441\u043a\u0438\u0435-\u0414\u0435\u0442\u0441\u043a\u0438\u0435-\u0434\u043d\u0438-\u0440\u043e\u0436\u0434\u0435\u043d\u0438\u044f-\u043d\u0430-\u043a\u043e\u0440\u0430\u0431\u043b\u0435-\u041b\u0438\u0431\u0430\u0432\u0430-\u043a\u043b\u0430\u0434.jpg 1600w\" sizes=\"(max-width: 940px) 100vw, 940px\" \/>","protected":false},"excerpt":{"rendered":"Piedz\u012bvojumi! Tie\u0161i piedz\u012bvojumi sagaida mazos viesus uz m\u016bsu \u201cLibavas\u201d kl\u0101ja. Profesion\u0101ls aktieris jautr\u0101 pir\u0101ta lom\u0101 visa j\u016bras izbrauciena laik\u0101 izklaid\u0113s trok\u0161\u0146ainos ku\u0123a viesus. &nbsp; Nejau\u0161i atrast\u0101 pudele, kur\u0101 b\u016bs apsl\u0113pto d\u0101rgumu karte, liks piedz\u012bvojumu mekl\u0113t\u0101jiem doties uz neapdz\u012bvotu salu. Izpildot visus uzdevumus, kuros tiks p\u0101rbaud\u012bta drosme, ap\u0137\u0113r\u012bba un veikl\u012bba, gavi\u013cnieks un vi\u0146a viesi sa\u0146ems neaizmirstamu d\u0101vanu \u2013 \u012bstus apsl\u0113ptos d\u0101rgumus!","protected":false},"author":4,"featured_media":730,"parent":496,"menu_order":0,"comment_status":"closed","ping_status":"closed","template":"","meta":{"ngg_post_thumbnail":0},"_links":{"self":[{"href":"https:\/\/libavasail.lv\/lv\/wp-json\/wp\/v2\/pages\/738"}],"collection":[{"href":"https:\/\/libavasail.lv\/lv\/wp-json\/wp\/v2\/pages"}],"about":[{"href":"https:\/\/libavasail.lv\/lv\/wp-json\/wp\/v2\/types\/page"}],"author":[{"embeddable":true,"href":"https:\/\/libavasail.lv\/lv\/wp-json\/wp\/v2\/users\/4"}],"replies":[{"embeddable":true,"href":"https:\/\/libavasail.lv\/lv\/wp-json\/wp\/v2\/comments?post=738"}],"version-history":[{"count":3,"href":"https:\/\/libavasail.lv\/lv\/wp-json\/wp\/v2\/pages\/738\/revisions"}],"predecessor-version":[{"id":764,"href":"https:\/\/libavasail.lv\/lv\/wp-json\/wp\/v2\/pages\/738\/revisions\/764"}],"up":[{"embeddable":true,"href":"https:\/\/libavasail.lv\/lv\/wp-json\/wp\/v2\/pages\/496"}],"wp:featuredmedia":[{"embeddable":true,"href":"https:\/\/libavasail.lv\/lv\/wp-json\/wp\/v2\/media\/730"}],"wp:attachment":[{"href":"https:\/\/libavasail.lv\/lv\/wp-json\/wp\/v2\/media?parent=738"}],"curies":[{"name":"wp","href":"https:\/\/api.w.org\/{rel}","templated":true}]}}