
{"id":795,"date":"2015-04-21T12:05:44","date_gmt":"2015-04-21T12:05:44","guid":{"rendered":"http:\/\/libavasail.lv\/lv\/musu-piedavajumi\/%d1%81%d0%b2%d0%b0%d0%b4%d1%8c%d0%b1%d0%b0-%d0%bd%d0%b0-%d0%b8%d1%81%d1%82%d0%be%d1%80%d0%b8%d1%87%d0%b5%d1%81%d0%ba%d0%be%d0%bc-%d0%ba%d0%be%d1%80%d0%b0%d0%b1%d0%bb%d0%b5\/"},"modified":"2022-09-07T12:39:37","modified_gmt":"2022-09-07T12:39:37","slug":"kazu-svinibas-uz-vesturiska-koka-burinieka","status":"publish","type":"page","link":"https:\/\/libavasail.lv\/lv\/musu-piedavajumi\/kazu-svinibas-uz-vesturiska-koka-burinieka\/","title":{"rendered":"K\u0101zas uz ku\u0123a"},"content":{"rendered":"[vc_row][vc_column width=&#8221;1\/2&#8243;][vc_custom_heading text=&#8221;K\u0101zu svin\u012bbas uz burinieka&#8221; font_container=&#8221;tag:h3|text_align:left&#8221;][vc_column_text]Padariet vienu no savas dz\u012bves svar\u012bg\u0101kaj\u0101m dien\u0101m patie\u0161\u0101m neaizmirstamu! Pied\u0101v\u0101jam jaunlaul\u0101tajiem doties romantisk\u0101 izbraucien\u0101 gar J\u016brmalas piekrasti. S\u0101rt\u0101s buras, lieliska m\u016bzika un \u0161ampanie\u0161a dzirkstis padar\u012bs \u0161o br\u012bdi neaizmirstamu.\r\n\r\nJ\u016bs var\u0113siet kop\u0101 nost\u0101ties pie ku\u0123a st\u016bres rata, simboliski uzs\u0101kot savu kop\u012bgo ce\u013cu dz\u012bves pla\u0161aj\u0101 j\u016br\u0101. Sen\u0101 lielgabala zalve svin\u012bgi pav\u0113st\u012bs pasaulei par jaunas \u0123imenes tap\u0161anu, un \u012bpa\u0161ais k\u0101zu karogs ku\u0123a mast\u0101 k\u013c\u016bs par J\u016bsu jaun\u0101s \u0123imenes talismanu un \u0137\u012blu patiesai m\u012blest\u012bbai un saskan\u012bgai kopdz\u012bvei daudzu gadu garum\u0101.[\/vc_column_text][vc_single_image image=&#8221;602&#8243; img_size=&#8221;full&#8221;][\/vc_column][vc_column width=&#8221;1\/2&#8243;][vc_column_text]\r\n<h5>J\u016bs varat mums uztic\u0113t ar\u012b izsmalcin\u0101ta sv\u0113tku galda organiz\u0113\u0161anu!<\/h5>\r\n<em>\u201cLibava\u201d var uz\u0146emt l\u012bdz 40 viesiem, minim\u0101lais izbrauciena ilgums ir 2 stundas. Uzkodu \u0113dienkarte j\u0101saska\u0146o iepriek\u0161.<\/em>[\/vc_column_text][vc_gallery type=&#8221;image_grid&#8221; images=&#8221;853,877,850,874,865,844,859,868,856&#8243;][\/vc_column][\/vc_row]","protected":false},"excerpt":{"rendered":"[vc_row][vc_column width=&#8221;1\/2&#8243;][vc_custom_heading text=&#8221;K\u0101zu svin\u012bbas uz burinieka&#8221; font_container=&#8221;tag:h3|text_align:left&#8221;][vc_column_text]Padariet vienu no savas dz\u012bves svar\u012bg\u0101kaj\u0101m dien\u0101m patie\u0161\u0101m neaizmirstamu! Pied\u0101v\u0101jam jaunlaul\u0101tajiem doties romantisk\u0101 izbraucien\u0101 gar J\u016brmalas piekrasti. S\u0101rt\u0101s buras, lieliska m\u016bzika un \u0161ampanie\u0161a dzirkstis padar\u012bs \u0161o br\u012bdi neaizmirstamu. J\u016bs var\u0113siet kop\u0101 nost\u0101ties pie ku\u0123a st\u016bres rata, simboliski uzs\u0101kot savu kop\u012bgo ce\u013cu dz\u012bves pla\u0161aj\u0101 j\u016br\u0101. Sen\u0101 lielgabala zalve svin\u012bgi pav\u0113st\u012bs pasaulei par jaunas \u0123imenes tap\u0161anu, un \u012bpa\u0161ais k\u0101zu karogs ku\u0123a mast\u0101 k\u013c\u016bs par J\u016bsu jaun\u0101s \u0123imenes talismanu un \u0137\u012blu patiesai m\u012blest\u012bbai un saskan\u012bgai kopdz\u012bvei daudzu gadu garum\u0101.[\/vc_column_text][vc_single_image image=&#8221;602&#8243; img_size=&#8221;full&#8221;][\/vc_column][vc_column width=&#8221;1\/2&#8243;][vc_column_text] J\u016bs varat mums uztic\u0113t ar\u012b izsmalcin\u0101ta sv\u0113tku galda organiz\u0113\u0161anu! \u201cLibava\u201d var uz\u0146emt l\u012bdz 40 viesiem, minim\u0101lais izbrauciena ilgums ir 2 stundas. Uzkodu \u0113dienkarte j\u0101saska\u0146o iepriek\u0161.[\/vc_column_text][vc_gallery type=&#8221;image_grid&#8221; images=&#8221;853,877,850,874,865,844,859,868,856&#8243;][\/vc_column][\/vc_row]","protected":false},"author":4,"featured_media":0,"parent":496,"menu_order":0,"comment_status":"closed","ping_status":"closed","template":"","meta":{"ngg_post_thumbnail":0},"_links":{"self":[{"href":"https:\/\/libavasail.lv\/lv\/wp-json\/wp\/v2\/pages\/795"}],"collection":[{"href":"https:\/\/libavasail.lv\/lv\/wp-json\/wp\/v2\/pages"}],"about":[{"href":"https:\/\/libavasail.lv\/lv\/wp-json\/wp\/v2\/types\/page"}],"author":[{"embeddable":true,"href":"https:\/\/libavasail.lv\/lv\/wp-json\/wp\/v2\/users\/4"}],"replies":[{"embeddable":true,"href":"https:\/\/libavasail.lv\/lv\/wp-json\/wp\/v2\/comments?post=795"}],"version-history":[{"count":4,"href":"https:\/\/libavasail.lv\/lv\/wp-json\/wp\/v2\/pages\/795\/revisions"}],"predecessor-version":[{"id":1116,"href":"https:\/\/libavasail.lv\/lv\/wp-json\/wp\/v2\/pages\/795\/revisions\/1116"}],"up":[{"embeddable":true,"href":"https:\/\/libavasail.lv\/lv\/wp-json\/wp\/v2\/pages\/496"}],"wp:attachment":[{"href":"https:\/\/libavasail.lv\/lv\/wp-json\/wp\/v2\/media?parent=795"}],"curies":[{"name":"wp","href":"https:\/\/api.w.org\/{rel}","templated":true}]}}